{"id":11,"date":"2024-02-22T19:49:08","date_gmt":"2024-02-22T18:49:08","guid":{"rendered":"https:\/\/effetsens.com\/?page_id=11"},"modified":"2024-02-22T19:50:58","modified_gmt":"2024-02-22T18:50:58","slug":"mentions-legales","status":"publish","type":"page","link":"https:\/\/effetsens.com\/?page_id=11","title":{"rendered":"Mentions l\u00e9gales"},"content":{"rendered":"\n<h2 class=\"wp-block-heading\">Mentions l\u00e9gales<\/h2>\n\n\n\n<p>Conform\u00e9ment aux dispositions des Articles 6-III et 19 de la Loi n\u00b02004-575 du 21 juin 2004 pour la Confiance dans l\u2019\u00e9conomie num\u00e9rique, dite L.C.E.N., il est port\u00e9 \u00e0 la connaissance des Utilisateurs du site\u00a0www.effetsens.com les pr\u00e9sentes mentions l\u00e9gales.<\/p>\n\n\n\n<p>La connexion et la navigation sur le site\u00a0www.effetsens.com par l\u2019Utilisateur implique acceptation int\u00e9grale et sans r\u00e9serve des pr\u00e9sentes mentions l\u00e9gales.<\/p>\n\n\n\n<p>Ces derni\u00e8res sont accessibles sur le site \u00e0 la rubrique \u00ab Mentions l\u00e9gales \u00bb.<\/p>\n\n\n\n<h3 class=\"wp-block-heading\">ARTICLE 1 : L\u2019\u00e9diteur<\/h3>\n\n\n\n<p>L\u2019\u00e9dition et la direction de la publication du site\u00a0www.effetsens.com est assur\u00e9e par la soci\u00e9t\u00e9 Eff &amp; Sens.<\/p>\n\n\n\n<p><strong>Informations l\u00e9gales de l\u2019\u00e9diteur :<\/strong><\/p>\n\n\n\n<p>Eff &amp; Sens EURL Audit Formation,&nbsp;<\/p>\n\n\n\n<p>Soci\u00e9t\u00e9 au capital de 7500 euros enregistr\u00e9e au RCS Rennes sous le num\u00e9ro B 478 450 125.<br>Si\u00e8ge social : 2 rue du prieur\u00e9, 35620 TEILLAY.<br>Directrice de la publication : S\u00e9verine F\u00e4h, G\u00e9rante.<br>Contact : contact@effetsens.com.<\/p>\n\n\n\n<h3 class=\"wp-block-heading\">ARTICLE 2 : L\u2019h\u00e9bergeur<\/h3>\n\n\n\n<p>L\u2019h\u00e9bergeur du site\u00a0www.effetsens.com est la Soci\u00e9t\u00e9 OVH, dont le si\u00e8ge social est situ\u00e9 au : <\/p>\n\n\n\n<p>1801, avenue McGill College<br>Bureau 800<br>Montr\u00e9al (Qu\u00e9bec) H3A 2N4<br>Canada<\/p>\n\n\n\n<p>Et dont le num\u00e9ro de t\u00e9l\u00e9phone est le : 1-855-684-5463.<\/p>\n\n\n\n<h3 class=\"wp-block-heading\">ARTICLE 3 : Acc\u00e8s au site<\/h3>\n\n\n\n<p>Le site est accessible par tout endroit, 7j\/7, 24h\/24 sauf cas de force majeure, interruption programm\u00e9e ou non et pouvant d\u00e9coulant d\u2019une n\u00e9cessit\u00e9 de maintenance. En cas de modification, interruption ou suspension des services le site\u00a0www.effetsens.com\u00a0ne saurait \u00eatre tenu responsable.<\/p>\n\n\n\n<h3 class=\"wp-block-heading\">ARTICLE 4 : Collecte des donn\u00e9es<\/h3>\n\n\n\n<p>Pour tout savoir sur la gestion de vos donn\u00e9es personnelles, veuillez consulter l\u2019article 9 des Conditions g\u00e9n\u00e9rales de vente disponibles sur le site&nbsp;<a href=\"http:\/\/www.severinefah.fr\/\">www.severinefah.fr<\/a>&nbsp;rubriques \u201cCGV\u201d.<\/p>\n\n\n\n<h3 class=\"wp-block-heading\">ARTICLE 5 : Cookies<\/h3>\n\n\n\n<p>Le site\u00a0www.effetsens.com\u00a0n&rsquo;utilise aucun cookie et ne stocke aucune information sur ses visiteurs.<\/p>\n\n\n\n<h3 class=\"wp-block-heading\">ARTICLE 6 : Limitations contractuelles sur les donn\u00e9es<\/h3>\n\n\n\n<p>Les informations contenues sur ce site sont aussi pr\u00e9cises que possible et le site remis \u00e0 jour \u00e0 diff\u00e9rentes p\u00e9riodes de l\u2019ann\u00e9e, mais peut toutefois contenir des inexactitudes ou des omissions. Si vous constatez une lacune, erreur ou ce qui parait \u00eatre un dysfonctionnement, merci de bien vouloir le signaler par courriel, \u00e0 l\u2019adresse contact@effetsens.com, en d\u00e9crivant le probl\u00e8me de la mani\u00e8re la plus pr\u00e9cise possible (page posant probl\u00e8me, type d\u2019ordinateur et de navigateur utilis\u00e9, \u2026). Tout contenu t\u00e9l\u00e9charg\u00e9 se fait aux risques et p\u00e9rils de l\u2019utilisateur et sous sa seule responsabilit\u00e9. En cons\u00e9quence, ne saurait \u00eatre tenu responsable d\u2019un quelconque dommage subi par l\u2019ordinateur de l\u2019utilisateur ou d\u2019une quelconque perte de donn\u00e9es cons\u00e9cutives au t\u00e9l\u00e9chargement. De plus, l\u2019utilisateur du site s\u2019engage \u00e0 acc\u00e9der au site en utilisant un mat\u00e9riel r\u00e9cent, ne contenant pas de virus et avec un navigateur de derni\u00e8re g\u00e9n\u00e9ration mis-\u00e0-jour. Les liens hypertextes mis en place dans le cadre du pr\u00e9sent site internet en direction d\u2019autres ressources pr\u00e9sentes sur le r\u00e9seau Internet ne sauraient engager la responsabilit\u00e9 de la soci\u00e9t\u00e9 EFF &amp; SENS et de sa repr\u00e9sentante S\u00e9verine F\u00e4h.<\/p>\n","protected":false},"excerpt":{"rendered":"<p>Mentions l\u00e9gales Conform\u00e9ment aux dispositions des Articles 6-III et 19 de la Loi n\u00b02004-575 du 21 juin 2004 pour la Confiance dans l\u2019\u00e9conomie num\u00e9rique, dite L.C.E.N., il est port\u00e9 \u00e0 la connaissance des Utilisateurs du site\u00a0www.effetsens.com les pr\u00e9sentes mentions l\u00e9gales. La connexion et la navigation sur le site\u00a0www.effetsens.com par l\u2019Utilisateur implique acceptation int\u00e9grale et sans &#8230; <a title=\"Mentions l\u00e9gales\" class=\"read-more\" href=\"https:\/\/effetsens.com\/?page_id=11\" aria-label=\"Read more about Mentions l\u00e9gales\">Lire la suite<\/a><\/p>\n","protected":false},"author":1,"featured_media":0,"parent":0,"menu_order":0,"comment_status":"closed","ping_status":"closed","template":"blank","meta":{"footnotes":""},"class_list":["post-11","page","type-page","status-publish"],"_links":{"self":[{"href":"https:\/\/effetsens.com\/index.php?rest_route=\/wp\/v2\/pages\/11","targetHints":{"allow":["GET"]}}],"collection":[{"href":"https:\/\/effetsens.com\/index.php?rest_route=\/wp\/v2\/pages"}],"about":[{"href":"https:\/\/effetsens.com\/index.php?rest_route=\/wp\/v2\/types\/page"}],"author":[{"embeddable":true,"href":"https:\/\/effetsens.com\/index.php?rest_route=\/wp\/v2\/users\/1"}],"replies":[{"embeddable":true,"href":"https:\/\/effetsens.com\/index.php?rest_route=%2Fwp%2Fv2%2Fcomments&post=11"}],"version-history":[{"count":3,"href":"https:\/\/effetsens.com\/index.php?rest_route=\/wp\/v2\/pages\/11\/revisions"}],"predecessor-version":[{"id":14,"href":"https:\/\/effetsens.com\/index.php?rest_route=\/wp\/v2\/pages\/11\/revisions\/14"}],"wp:attachment":[{"href":"https:\/\/effetsens.com\/index.php?rest_route=%2Fwp%2Fv2%2Fmedia&parent=11"}],"curies":[{"name":"wp","href":"https:\/\/api.w.org\/{rel}","templated":true}]}}